{"id":3,"date":"2023-04-05T10:57:45","date_gmt":"2023-04-05T08:57:45","guid":{"rendered":"https:\/\/chateau-fuisse.fr\/?page_id=3"},"modified":"2024-05-21T15:03:46","modified_gmt":"2024-05-21T13:03:46","slug":"politique-de-confidentialite","status":"publish","type":"page","link":"https:\/\/chateau-fuisse.fr\/en\/politique-de-confidentialite\/","title":{"rendered":"Legal Notice"},"content":{"rendered":"<p><strong>1. Presentation of the website<\/strong><\/p>\n\n\n\n<p>Pursuant to Article 6 of law No. 2004-575 of 21 June 2004 on confidence in the digital economy, users of the www.chateau-fuisse.fr website are hereby informed of the identity of the various parties involved in its creation and monitoring :<\/p>\n\n\n\n<p><strong>Owner :<br>SCEA Chateau de Fuiss\u00e9<br><\/strong>SIRET 38265138800037 \u2013 Share capital of \u20ac263,010<br>Head office: 419 Rue du Plan, 71960 Fuiss\u00e9<br>Telephone number : +33(0)3 85 35 61 44<\/p>\n\n\n\n<p><strong>Publishing director :<br>Antoine Vincent<\/strong><br>Head office: 419 Rue du Plan, 71960 Fuiss\u00e9<br>Telephone number : +33(0)3 85 35 61 44<\/p>\n\n\n\n<p><strong>Hosting :<br>O2 Switch<br><\/strong>Chemin des Pardiaux \u2013 63000 Clermont-Ferrand \u2013 France<\/p>\n\n\n\n<p><strong>Design and production :<br>Agence Album, global and digital communications<\/strong><br><a href=\"http:\/\/www.agencealbum.com\" target=\"_blank\" rel=\"noreferrer noopener\">http:\/\/www.agencealbum.com<\/a><br>album@agencealbum.com<br>9 rue Boccard<br>BP 82032<br>71020 MACON Cedex 9<\/p>\n\n\n\n<p><strong>Photo credits : <\/strong><br>Agence Album, Ch\u00e2teau Fuiss\u00e9.<\/p>\n\n\n\n<p><strong>2. Terms and conditions of use of the website and services offered.<\/strong><\/p>\n\n\n\n<p>Use of the www.chateau-fuisse.fr website implies full and complete acceptance of the general terms and conditions of use described below. These terms and conditions of use may be modified or supplemented at any time, so users of the www.chateau-fuisse.fr website are invited to consult them regularly.<\/p>\n\n\n\n<p>This website is normally accessible to users at all times. However, www.chateau-fuisse.fr may decide to interrupt access for technical maintenance purposes, in which case it will endeavour to inform users in advance of the dates and times of the intervention.<\/p>\n\n\n\n<p>The www.chateau-fuisse.fr website is regularly updated by its managers. Similarly, the legal notices may be modified at any time: they are nevertheless binding on the user, who is invited to refer to them as often as possible in order to remain informed.<\/p>\n\n\n\n<p><strong>3. Description of services provided.<\/strong><\/p>\n\n\n\n<p>The purpose of the website www.chateau-fuisse.fr is to provide information about all of the company's activities.<\/p>\n\n\n\n<p>Ch\u00e2teau Fuiss\u00e9 strives to provide information that is as accurate as possible on the www.chateau-fuisse.fr website. However, it cannot be held responsible for omissions, inaccuracies and deficiencies in updates, whether caused by itself or by third-party partners who provide it with this information.<\/p>\n\n\n\n<p>All information provided on the www.chateau-fuisse.fr website is given for information purposes only and is subject to change. Furthermore, the information on the www.chateau-fuisse.fr website is not exhaustive. It is provided subject to any changes that may have been made since it was posted online.<\/p>\n\n\n\n<p><strong>4. Contractual limitations on technical data.<\/strong><\/p>\n\n\n\n<p>The website cannot be held liable for any material damage related to the use of the website. Furthermore, users of the website undertake to access the website using recent, virus-free equipment and an up-to-date, latest-generation browser.<\/p>\n\n\n\n<p><strong>5. Intellectual property and counterfeiting.<\/strong><\/p>\n\n\n\n<p>Ch\u00e2teau Fuiss\u00e9 owns the intellectual property rights and holds the rights to use all elements accessible on the website, including text, images, graphics, logos, videos, icons, software and sounds.<\/p>\n\n\n\n<p>Any reproduction, representation, modification, publication or adaptation of all or part of the elements of the site, regardless of the means or process used, is prohibited without the prior written authorisation of Ch\u00e2teau Fuiss\u00e9.<\/p>\n\n\n\n<p>Any unauthorised use of the website or any of the elements it contains will be considered an infringement and will be prosecuted in accordance with the provisions of Articles L.335-2 et seq. of the Intellectual Property Code.<\/p>\n\n\n\n<p><strong>6 . Limitations of liability.<\/strong><\/p>\n\n\n\n<p>Ch\u00e2teau Fuiss\u00e9 cannot be held liable for any direct or indirect damage caused to the user's equipment when accessing the www.chateau-fuisse.fr website, resulting either from the use of equipment that does not meet the specifications indicated in point 4, or from the appearance of a bug or incompatibility.<\/p>\n\n\n\n<p>Ch\u00e2teau Fuiss\u00e9 cannot be held liable for indirect damage (such as loss of market share or loss of opportunity) resulting from the use of the www.chateau-fuisse.fr website.<\/p>\n\n\n\n<p>Interactive areas (where questions can be asked in the contact area) are available to users. Ch\u00e2teau Fuiss\u00e9 reserves the right to delete, without prior notice, any content posted in this area that contravenes the legislation applicable in France, in particular the provisions relating to data protection. Where applicable, Ch\u00e2teau Fuiss\u00e9 also reserves the right to hold the user liable in civil and\/or criminal proceedings, in particular in the event of racist, abusive, defamatory or pornographic messages, regardless of the medium used (text, photography, etc.).<\/p>\n\n\n\n<p><strong>7. Management of personal data.<\/strong><\/p>\n\n\n\n<p>In France, personal data is protected by Law No. 78-87 of 6 January 1978, Law No. 2004-801 of 6 August 2004, Article L. 226-13 of the Penal Code and the European Directive of 24 October 1995.<\/p>\n\n\n\n<p>When using the www.chateau-fuisse.fr website, the following may be collected: the URL of the links through which the user accessed the www.chateau-fuisse.fr website, the user's internet service provider, and the user's internet protocol (IP) address.<\/p>\n\n\n\n<p>In any event, Ch\u00e2teau Fuiss\u00e9 only collects personal information about the user for the purposes of certain services offered by the www.chateau-fuisse.fr website. The user provides this information in full knowledge of the facts, particularly when entering it themselves. Users of the www.chateau-fuisse.fr website are then informed of whether or not they are required to provide this information.<\/p>\n\n\n\n<p>In accordance with the provisions of Articles 38 et seq. of Law 78-17 of 6 January 1978 on information technology, files and civil liberties, all users have the right to access, rectify and oppose personal data concerning them, by making a written and signed request, accompanied by a copy of the identity document with the signature of the holder of the document, specifying the address to which the reply should be sent.<\/p>\n\n\n\n<p>No personal information about users of the www.chateau-fuisse.fr website is published without the user's knowledge, exchanged, transferred, assigned or sold on any medium whatsoever to third parties. Only in the event of the acquisition of Ch\u00e2teau Fuiss\u00e9 and its rights would it be possible for such information to be transferred to the potential purchaser, who would in turn be bound by the same obligation to store and modify data with regard to users of the www.chateau-fuisse.fr website.<\/p>\n\n\n\n<p>The site is not registered with the CNIL (French Data Protection Authority) as it does not collect personal information.<\/p>\n\n\n\n<p>The databases are protected by the provisions of the law of 1 July 1998 transposing Directive 96\/9 of 11 March 1996 on the legal protection of databases.<\/p>\n\n\n\n<p><strong>8. Hypertext links and cookies.<\/strong><\/p>\n\n\n\n<p>The website www.chateau-fuisse.fr contains a number of hypertext links to other websites, set up with the authorisation of Ch\u00e2teau Fuiss\u00e9. However, Ch\u00e2teau Fuiss\u00e9 is unable to verify the content of the websites visited in this way, and therefore accepts no responsibility for them.<\/p>\n\n\n\n<p>Browsing the www.chateau-fuisse.fr website may result in cookies being installed on the user's computer. A cookie is a small file that does not allow the user to be identified, but which records information relating to a computer's browsing activity on a website. The data obtained in this way is intended to facilitate subsequent browsing on the website and is also used to measure website traffic.<\/p>\n\n\n\n<p>Refusing to install a cookie may make it impossible to access certain services. However, the user can configure their computer as follows to refuse the installation of cookies:<\/p>\n\n\n\n<p>In Internet Explorer: Tools tab (gear icon in the top right corner) \/ Internet Options. Click on Privacy and select Block all cookies. Confirm by clicking OK.<\/p>\n\n\n\n<p>In Firefox: at the top of the browser window, click on the Firefox button, then go to the Options tab. Click on the Privacy tab.<\/p>\n\n\n\n<p>Set the Storage Rules to: use custom settings for history. Finally, uncheck it to disable cookies.<\/p>\n\n\n\n<p>In Safari: Click on the menu icon (symbolised by a cog) at the top right of the browser. Select Settings. Click on Show Advanced Settings. In the \"Privacy\" section, click on Content Settings. In the \"Cookies\" section, you can block cookies.<\/p>\n\n\n\n<p>In Chrome: Click on the menu icon (symbolised by three horizontal lines) at the top right of the browser. Select Settings. Click on Show advanced settings. In the \"Privacy\" section, click on Preferences. In the \"Privacy\" tab, you can block cookies.<\/p>\n\n\n\n<p><strong>9. Applicable law and jurisdiction.<\/strong><\/p>\n\n\n\n<p>Any dispute relating to the use of the www.chateau-fuisse.fr website is subject to French law. The competent courts of M\u00e2con shall have exclusive jurisdiction.<\/p>\n\n\n\n<p><strong>10. Main laws concerned.<\/strong><\/p>\n\n\n\n<p>Law No. 78-17 of 6 January 1978, as amended by Law No. 2004-801 of 6 August 2004 on information technology, files and civil liberties.<\/p>\n\n\n\n<p>Law No. 2004-575 of 21 June 2004 on confidence in the digital economy.<\/p>\n\n\n\n<p><strong>11. Glossary.<\/strong><\/p>\n\n\n\n<p>User: Internet user connecting to and using the aforementioned website.<\/p>\n\n\n\n<p>Personal information: \"information that allows, in any form whatsoever, directly or indirectly, the identification of the natural persons to whom it applies\" (Article 4 of Law No. 78-17 of 6 January 1978).<\/p>","protected":false},"excerpt":{"rendered":"<p>1. Pr\u00e9sentation du site En vertu de l\u2019article 6 de la loi n\u00b0 2004-575 du 21 juin 2004 pour la confiance dans l\u2019\u00e9conomie num\u00e9rique, il est pr\u00e9cis\u00e9 aux utilisateurs du site www.chateau-fuisse.fr l\u2019identit\u00e9 des diff\u00e9rents intervenants dans le cadre de sa r\u00e9alisation et de son suivi : Propri\u00e9taire :SCEA Chateau de Fuiss\u00e9SIRET 38265138800037 &#8211; Capital [&hellip;]<\/p>","protected":false},"author":1,"featured_media":0,"parent":0,"menu_order":0,"comment_status":"closed","ping_status":"open","template":"","meta":{"_acf_changed":false,"footnotes":""},"class_list":["post-3","page","type-page","status-publish","hentry"],"acf":[],"_links":{"self":[{"href":"https:\/\/chateau-fuisse.fr\/en\/wp-json\/wp\/v2\/pages\/3","targetHints":{"allow":["GET"]}}],"collection":[{"href":"https:\/\/chateau-fuisse.fr\/en\/wp-json\/wp\/v2\/pages"}],"about":[{"href":"https:\/\/chateau-fuisse.fr\/en\/wp-json\/wp\/v2\/types\/page"}],"author":[{"embeddable":true,"href":"https:\/\/chateau-fuisse.fr\/en\/wp-json\/wp\/v2\/users\/1"}],"replies":[{"embeddable":true,"href":"https:\/\/chateau-fuisse.fr\/en\/wp-json\/wp\/v2\/comments?post=3"}],"version-history":[{"count":3,"href":"https:\/\/chateau-fuisse.fr\/en\/wp-json\/wp\/v2\/pages\/3\/revisions"}],"predecessor-version":[{"id":1105,"href":"https:\/\/chateau-fuisse.fr\/en\/wp-json\/wp\/v2\/pages\/3\/revisions\/1105"}],"wp:attachment":[{"href":"https:\/\/chateau-fuisse.fr\/en\/wp-json\/wp\/v2\/media?parent=3"}],"curies":[{"name":"wp","href":"https:\/\/api.w.org\/{rel}","templated":true}]}}